{"id":728,"date":"2021-03-11T08:13:35","date_gmt":"2021-03-11T08:13:35","guid":{"rendered":"http:\/\/www.hrabove.sk\/?page_id=728"},"modified":"2021-03-11T20:18:23","modified_gmt":"2021-03-11T20:18:23","slug":"nehnutelnosti","status":"publish","type":"page","link":"https:\/\/www.hrabove.sk\/?page_id=728","title":{"rendered":"Nehnutelnosti"},"content":{"rendered":"<div data-colibri-id=\"728-c1\" class=\"style-717 style-local-728-c1 position-relative\">\n  <!---->\n  <div data-colibri-component=\"section\" data-colibri-id=\"728-c2\" id=\"custom\" class=\"h-section h-section-global-spacing d-flex align-items-lg-center align-items-md-center align-items-center style-722 style-local-728-c2 position-relative\">\n    <!---->\n    <!---->\n    <div class=\"h-section-grid-container h-section-boxed-container\">\n      <!---->\n      <div data-colibri-id=\"728-c3\" class=\"h-row-container gutters-row-lg-0 gutters-row-md-0 gutters-row-0 gutters-row-v-lg-0 gutters-row-v-md-0 gutters-row-v-0 style-723 style-local-728-c3 position-relative\">\n        <!---->\n        <div class=\"h-row justify-content-lg-center justify-content-md-center justify-content-center align-items-lg-stretch align-items-md-stretch align-items-stretch gutters-col-lg-0 gutters-col-md-0 gutters-col-0 gutters-col-v-lg-0 gutters-col-v-md-0 gutters-col-v-0\">\n          <!---->\n          <div class=\"h-column h-column-container d-flex h-col-lg-auto h-col-md-auto h-col-auto style-724-outer style-local-728-c4-outer\">\n            <div data-colibri-id=\"728-c4\" class=\"d-flex h-flex-basis h-column__inner h-px-lg-0 h-px-md-0 h-px-0 v-inner-lg-0 v-inner-md-0 v-inner-0 style-724 style-local-728-c4 position-relative\">\n              <!---->\n              <!---->\n              <div class=\"w-100 h-y-container h-column__content h-column__v-align flex-basis-100 align-self-lg-start align-self-md-start align-self-start\">\n                <!---->\n                <div data-colibri-id=\"728-c5\" class=\"h-global-transition-all h-heading style-733 style-local-728-c5 position-relative h-element\">\n                  <!---->\n                  <div class=\"h-heading__outer style-733 style-local-728-c5\">\n                    <!---->\n                    <!---->\n                    <h1 class=\"\">ZOZNAM SPOLO\u010cN\u00ddCH A SPOLO\u010cNE OBHOSPOD\u00c1ROVAN\u00ddCH NEHNUTE\u013dNOST\u00cd LPS L\u00cdPIE &#8211; HRABOV\u00c9<\/h1>\n                  <\/div>\n                <\/div>\n                <div data-colibri-id=\"728-c6\" class=\"h-text h-text-component style-734 style-local-728-c6 position-relative h-element\">\n                  <!---->\n                  <!---->\n                  <div class=\"\">\n                    <p>Lesn\u00e9 pozemkov\u00e9 spolo\u010denstvo L\u00edpie &#8211; Hrabov\u00e9 ku d\u0148u 01.01.2021, hospod\u00e1ri v zmysle Z\u00e1kona \u010d. 97\/2013 o pozemkov\u00fdch spolo\u010denstv\u00e1ch v platnom znen\u00ed, na pribli\u017ene stop\u00e4\u0165desiatich hekt\u00e1roch pozemkov v r\u00e1mci katastr\u00e1lneho \u00fazemia Hrabov\u00e9\n                      (obec Byt\u010da, okres Byt\u010da). Svojou ve\u013ekos\u0165ou sa rad\u00ed medzi men\u0161ie lesn\u00e9 pozemkov\u00e9 spolo\u010denstva. V r\u00e1mci hospod\u00e1riacich parciel prevl\u00e1daj\u00faci druh kult\u00fary s\u00fa lesn\u00e9 pozemky, v men\u0161ej miere s\u00fa zast\u00fapen\u00e9 trval\u00e9 tr\u00e1vnat\u00e9 porasty, nasleduj\u00fa\n                      ostatn\u00e9 plochy, kon\u010diac ornou p\u00f4dou.<\/p>\n                    <p>LPS L\u00edpie &#8211; Hrabov\u00e9 ma za cie\u013e zv\u00e4\u010d\u0161ova\u0165 svoju v\u00fdmeru spolo\u010dn\u00fdch a spolo\u010dne obhospodarovan\u00fdch nehnute\u013enost\u00ed. Za posledn\u00fdch p<span style=\"font-weight: 400; font-size: 16px; font-family: &quot;Open Sans&quot;; color: rgb(0, 0, 0);\">\u00e4\u0165<\/span>                      rokov sa v\u00fdmera zv\u00e4\u010d\u0161ila o pribli\u017ene p\u00e4\u0165desiat hekt\u00e1rov. Pozit\u00edvnu krivku n\u00e1rastu v\u00fdmery sa sna\u017e\u00edme dr\u017ea\u0165 aj do nasleduj\u00faceho obdobia.<\/p>\n                    <p>Zdroj \u00fadajov vych\u00e1dza zo s\u00faboru popisn\u00fdch inform\u00e1ci\u00ed katastra nehnute\u013enost\u00ed Slovenskej republiky. Na spr\u00e1vu a evidenciu majetku a \u010dlenov Lesn\u00e9ho pozemkov\u00e9ho spolo\u010denstva, vyu\u017e\u00edva LPS L\u00edpie &#8211; Hrabov\u00e9 profesion\u00e1lny softv\u00e9r profievidencia.sk,\n                      ktor\u00fd pravidelne aktualizujeme. Softv\u00e9r vyu\u017e\u00edvame aj vystavovanie eviden\u010dnej karty podielnika (s\u00fapis a popis majetku podielnika v spr\u00e1ve LPS), ktor\u00fd V\u00e1m na po\u017eiadanie vystav\u00edme.<\/p>\n                  <\/div>\n                <\/div>\n                <div data-colibri-id=\"728-c9\" class=\"d-block style-731 style-local-728-c9 position-relative h-element\">\n                  <!---->\n                  <div class=\"h-image__frame-container-outer\">\n                    <div class=\"h-image__frame-container\">\n                      <!---->\n                      <!---->\n                      <img loading=\"lazy\" decoding=\"async\" width=\"824\" height=\"290\" src=\"http:\/\/www.hrabove.sk\/wp-content\/uploads\/2021\/03\/DRUH-POZEMKOV.jpg\" class=\"wp-image-651 style-731-image style-local-728-c9-image\" alt=\"druhPozemkov\" srcset=\"https:\/\/www.hrabove.sk\/wp-content\/uploads\/2021\/03\/DRUH-POZEMKOV.jpg 824w, https:\/\/www.hrabove.sk\/wp-content\/uploads\/2021\/03\/DRUH-POZEMKOV-300x106.jpg 300w, https:\/\/www.hrabove.sk\/wp-content\/uploads\/2021\/03\/DRUH-POZEMKOV-768x270.jpg 768w\" sizes=\"auto, (max-width: 824px) 100vw, 824px\" \/>\n                      <div class=\"h-image__frame h-hide-lg h-hide-md h-hide-sm style-731-frameImage style-local-728-c9-frameImage\"><\/div>\n                    <\/div>\n                  <\/div>\n                <\/div>\n                <div data-colibri-id=\"728-c12\" class=\"h-text h-text-component style-736 style-local-728-c12 position-relative h-element\">\n                  <!---->\n                  <!---->\n                  <div class=\"\">\n                    <p>Celkov\u00fd po\u010det podielnikov LPS L\u00edpie &#8211; Hrabov\u00e9 ku d\u0148u 01.01.2021 je 422. V najv\u00e4\u010d\u0161om zast\u00fapen\u00ed s\u00fa zn\u00e1mi spoluvlastn\u00edci.&nbsp;Zn\u00e1my, alebo teda zisten\u00fd spoluvlastn\u00edk je vlastn\u00edk ktor\u00e9ho \u00fadaje s\u00fa definovan\u00e9 pod\u013ea&nbsp;<strong style=\"color: rgb(0, 0, 0); font-family: &quot;Open Sans&quot;, &quot;Segoe UI&quot;, &quot;Trebuchet MS&quot;, &quot;Geneva CE&quot;, lucida, sans-serif; font-size: 14px; font-weight: 700;\">\u00a7 <\/strong>9\n                      odsek 1, p\u00edsmena b) prv\u00e9ho bodu Z\u00e1kona \u010d. 162\/1995 o katastri nehnute\u013enost\u00ed. Ak z niektor\u00fdch \u00fadajov pri evidenci\u00ed podielnika absentuje, pova\u017euje sa za nezisten\u00e9ho, nezn\u00e1meho spoluvlastn\u00edka. Na\u0161im cie\u013eom je snaha o zn\u00ed\u017eenie celkovej\n                      obhospodarovanej v\u00fdmery nezisten\u00fdch vlastn\u00edkov na najni\u017e\u0161iu mo\u017en\u00fa. Za posledn\u00e9 obdobie sa celkov\u00fd po\u010det nezn\u00e1mych vlastn\u00edkov zn\u00ed\u017eil o pribli\u017ene 50. V pr\u00edpade potreby ako v danej situ\u00e1ci\u00ed postupova\u0165 n\u00e1s nev\u00e1hajte kontaktova\u0165.<\/p>\n                  <\/div>\n                <\/div>\n                <div data-colibri-id=\"728-c7\" class=\"d-block style-730 style-local-728-c7 position-relative h-element\">\n                  <!---->\n                  <div class=\"h-image__frame-container-outer\">\n                    <div class=\"h-image__frame-container\">\n                      <!---->\n                      <!---->\n                      <img loading=\"lazy\" decoding=\"async\" width=\"828\" height=\"628\" src=\"http:\/\/www.hrabove.sk\/wp-content\/uploads\/2021\/03\/VYMERY-PARCIEL.jpg\" class=\"wp-image-652 style-730-image style-local-728-c7-image\" alt=\"vymeraClenov\" srcset=\"https:\/\/www.hrabove.sk\/wp-content\/uploads\/2021\/03\/VYMERY-PARCIEL.jpg 828w, https:\/\/www.hrabove.sk\/wp-content\/uploads\/2021\/03\/VYMERY-PARCIEL-300x228.jpg 300w, https:\/\/www.hrabove.sk\/wp-content\/uploads\/2021\/03\/VYMERY-PARCIEL-768x582.jpg 768w\" sizes=\"auto, (max-width: 828px) 100vw, 828px\" \/>\n                      <div class=\"h-image__frame h-hide-lg h-hide-md h-hide-sm style-730-frameImage style-local-728-c7-frameImage\"><\/div>\n                    <\/div>\n                  <\/div>\n                <\/div>\n                <div data-colibri-id=\"728-c8\" class=\"h-text h-text-component style-735 style-local-728-c8 position-relative h-element\">\n                  <!---->\n                  <!---->\n                  <div class=\"\">\n                    <p>Ka\u017ed\u00e9 Lesn\u00e9 pozemkov\u00e9 spolo\u010denstvo s pr\u00e1vnou subjektivitou je povinn\u00e9 v zmysle&nbsp;<strong style=\"color: rgb(0, 0, 0); font-family: &quot;Open Sans&quot;, &quot;Segoe UI&quot;, &quot;Trebuchet MS&quot;, &quot;Geneva CE&quot;, lucida, sans-serif; font-size: 14px; font-weight: 700;\">\u00a7&nbsp;<\/strong>5\n                      odsek 3, p\u00edsmena b Z\u00e1kona \u010d. 97\/2013 o pozemkov\u00fdch spolo\u010denstv\u00e1ch, vies\u0165 zoznam spolo\u010dn\u00fdch a spolo\u010dne obhospodarovan\u00fdch nehnute\u013enost\u00ed, ktor\u00e9 s\u00fa v spr\u00e1ve lesn\u00e9ho pozemkov\u00e9ho spolo\u010denstva. Zoznam je aktu\u00e1lny ku d\u0148u 01.01.2021 pod\u013ea\n                      SPI katastra nehnute\u013enost\u00ed SR.<\/p>\n                  <\/div>\n                <\/div>\n                <div data-colibri-id=\"728-c10\" class=\"d-block style-729 style-local-728-c10 position-relative h-element\">\n                  <!---->\n                  <div class=\"h-image__frame-container-outer\">\n                    <div class=\"h-image__frame-container\">\n                      <!---->\n                      <!---->\n                      <img loading=\"lazy\" decoding=\"async\" width=\"580\" height=\"771\" src=\"http:\/\/www.hrabove.sk\/wp-content\/uploads\/2021\/03\/Screenshot-2021-03-11-at-11.00.41.png\" class=\"wp-image-815 style-729-image style-local-728-c10-image\" alt=\"table1\" srcset=\"https:\/\/www.hrabove.sk\/wp-content\/uploads\/2021\/03\/Screenshot-2021-03-11-at-11.00.41.png 580w, https:\/\/www.hrabove.sk\/wp-content\/uploads\/2021\/03\/Screenshot-2021-03-11-at-11.00.41-226x300.png 226w\" sizes=\"auto, (max-width: 580px) 100vw, 580px\" \/>\n                      <div class=\"h-image__frame h-hide-lg h-hide-md h-hide-sm style-729-frameImage style-local-728-c10-frameImage\"><\/div>\n                    <\/div>\n                  <\/div>\n                <\/div>\n                <div data-colibri-id=\"728-c11\" class=\"d-block style-732 style-local-728-c11 position-relative h-element\">\n                  <!---->\n                  <div class=\"h-image__frame-container-outer\">\n                    <div class=\"h-image__frame-container\">\n                      <!---->\n                      <!---->\n                      <img loading=\"lazy\" decoding=\"async\" width=\"560\" height=\"774\" src=\"http:\/\/www.hrabove.sk\/wp-content\/uploads\/2021\/03\/Screenshot-2021-03-11-at-11.01.04.png\" class=\"wp-image-816 style-732-image style-local-728-c11-image\" alt=\"table2\" srcset=\"https:\/\/www.hrabove.sk\/wp-content\/uploads\/2021\/03\/Screenshot-2021-03-11-at-11.01.04.png 560w, https:\/\/www.hrabove.sk\/wp-content\/uploads\/2021\/03\/Screenshot-2021-03-11-at-11.01.04-217x300.png 217w\" sizes=\"auto, (max-width: 560px) 100vw, 560px\" \/>\n                      <div class=\"h-image__frame h-hide-lg h-hide-md h-hide-sm style-732-frameImage style-local-728-c11-frameImage\"><\/div>\n                    <\/div>\n                  <\/div>\n                <\/div>\n                <div data-colibri-id=\"728-c13\" class=\"h-text h-text-component style-737 style-local-728-c13 position-relative h-element\">\n                  <!---->\n                  <!---->\n                  <div class=\"\">\n                    <p>V pr\u00edpade ot\u00e1zok, podnetov n\u00e1s nev\u00e1hajte kontaktova\u0165.<\/p>\n                    <p>S pozdravom<\/p>\n                    <p><strong>V\u00fdbor LPS L\u00edpie &#8211; Hrabov\u00e9<\/strong>, v zast\u00fapen\u00ed predsedu LPS Filipa Ga\u0148u.<\/p>\n                  <\/div>\n                <\/div>\n                <div data-colibri-id=\"728-c14\" class=\"d-block style-738 style-local-728-c14 position-relative h-element\">\n                  <!---->\n                  <div class=\"h-image__frame-container-outer\">\n                    <div class=\"h-image__frame-container\">\n                      <!---->\n                      <!---->\n                      <img decoding=\"async\" src=\"http:\/\/www.hrabove.sk\/wp-content\/uploads\/2021\/03\/cropped-logo-300x133.png\" class=\"style-738-image style-local-728-c14-image\">\n                      <div class=\"h-image__frame h-hide-lg h-hide-md h-hide-sm style-738-frameImage style-local-728-c14-frameImage\"><\/div>\n                    <\/div>\n                  <\/div>\n                <\/div>\n              <\/div>\n            <\/div>\n          <\/div>\n        <\/div>\n      <\/div>\n    <\/div>\n  <\/div>\n<\/div>","protected":false},"excerpt":{"rendered":"<p>ZOZNAM SPOLO\u010cN\u00ddCH A SPOLO\u010cNE OBHOSPOD\u00c1ROVAN\u00ddCH NEHNUTE\u013dNOST\u00cd LPS L\u00cdPIE &#8211; HRABOV\u00c9 Lesn\u00e9 pozemkov\u00e9 spolo\u010denstvo L\u00edpie &#8211; Hrabov\u00e9 ku d\u0148u 01.01.2021, hospod\u00e1ri v zmysle Z\u00e1kona \u010d. 97\/2013 o pozemkov\u00fdch spolo\u010denstv\u00e1ch v platnom znen\u00ed, na pribli\u017ene stop\u00e4\u0165desiatich hekt\u00e1roch pozemkov v r\u00e1mci katastr\u00e1lneho \u00fazemia Hrabov\u00e9 (obec Byt\u010da, okres Byt\u010da). Svojou ve\u013ekos\u0165ou sa rad\u00ed medzi men\u0161ie lesn\u00e9 pozemkov\u00e9 spolo\u010denstva. V [&hellip;]<\/p>\n","protected":false},"author":2,"featured_media":0,"parent":0,"menu_order":4,"comment_status":"closed","ping_status":"closed","template":"page-templates\/full-width-page.php","meta":{"_monsterinsights_skip_tracking":false,"_monsterinsights_sitenote_active":false,"_monsterinsights_sitenote_note":"","_monsterinsights_sitenote_category":0,"footnotes":""},"class_list":["post-728","page","type-page","status-publish","hentry"],"_links":{"self":[{"href":"https:\/\/www.hrabove.sk\/index.php?rest_route=\/wp\/v2\/pages\/728","targetHints":{"allow":["GET"]}}],"collection":[{"href":"https:\/\/www.hrabove.sk\/index.php?rest_route=\/wp\/v2\/pages"}],"about":[{"href":"https:\/\/www.hrabove.sk\/index.php?rest_route=\/wp\/v2\/types\/page"}],"author":[{"embeddable":true,"href":"https:\/\/www.hrabove.sk\/index.php?rest_route=\/wp\/v2\/users\/2"}],"replies":[{"embeddable":true,"href":"https:\/\/www.hrabove.sk\/index.php?rest_route=%2Fwp%2Fv2%2Fcomments&post=728"}],"version-history":[{"count":0,"href":"https:\/\/www.hrabove.sk\/index.php?rest_route=\/wp\/v2\/pages\/728\/revisions"}],"wp:attachment":[{"href":"https:\/\/www.hrabove.sk\/index.php?rest_route=%2Fwp%2Fv2%2Fmedia&parent=728"}],"curies":[{"name":"wp","href":"https:\/\/api.w.org\/{rel}","templated":true}]}}