{"id":498,"date":"2021-03-10T06:25:51","date_gmt":"2021-03-10T06:25:51","guid":{"rendered":"http:\/\/www.hrabove.sk\/?page_id=498"},"modified":"2021-03-17T15:11:56","modified_gmt":"2021-03-17T14:11:56","slug":"mapy-lps","status":"publish","type":"page","link":"https:\/\/www.hrabove.sk\/?page_id=498","title":{"rendered":"Mapy &#8211; LPS"},"content":{"rendered":"<div data-colibri-id=\"498-c1\" class=\"style-648 style-local-498-c1 position-relative\">\n  <!---->\n  <div data-colibri-component=\"section\" data-colibri-id=\"498-c2\" id=\"portfolio\" class=\"h-section h-section-global-spacing d-flex align-items-lg-center align-items-md-center align-items-center style-649 style-local-498-c2 position-relative\">\n    <!---->\n    <!---->\n    <div class=\"h-section-grid-container h-section-boxed-container\">\n      <div data-colibri-id=\"498-c37\" class=\"h-row-container gutters-row-lg-2 gutters-row-md-2 gutters-row-2 gutters-row-v-lg-2 gutters-row-v-md-2 gutters-row-v-2 style-672 style-local-498-c37 position-relative\">\n        <!---->\n        <div class=\"h-row justify-content-lg-center justify-content-md-center justify-content-center align-items-lg-stretch align-items-md-stretch align-items-stretch gutters-col-lg-2 gutters-col-md-2 gutters-col-2 gutters-col-v-lg-2 gutters-col-v-md-2 gutters-col-v-2\">\n          <!---->\n          <div class=\"h-column h-column-container d-flex h-col-lg-auto h-col-md-auto h-col-auto style-673-outer style-local-498-c38-outer\">\n            <div data-colibri-id=\"498-c38\" class=\"d-flex h-flex-basis h-column__inner h-px-lg-2 h-px-md-2 h-px-2 v-inner-lg-2 v-inner-md-2 v-inner-2 style-673 style-local-498-c38 position-relative\">\n              <!---->\n              <!---->\n              <div class=\"w-100 h-y-container h-column__content h-column__v-align flex-basis-100 align-self-lg-start align-self-md-start align-self-start\">\n                <!---->\n                <div data-colibri-id=\"498-c39\" class=\"h-global-transition-all h-heading style-674 style-local-498-c39 position-relative h-element\">\n                  <!---->\n                  <div class=\"h-heading__outer style-674 style-local-498-c39\">\n                    <!---->\n                    <!---->\n                    <h2 class=\"\"><strong>KATASTR\u00c1LNE A PORASTOV\u00c9 MAPY LPS<\/strong><\/h2>\n                  <\/div>\n                <\/div>\n                <div data-colibri-id=\"498-c40\" class=\"h-lead h-text h-text-component style-675 style-local-498-c40 position-relative h-element\">\n                  <!---->\n                  <!---->\n                  <div class=\"\">\n                    <p>Mapy s\u00fa ur\u010den\u00e9 v\u00fdlu\u010dne pre s\u00fakromn\u00e9 pou\u017eitie podielnikov a z\u00e1rove\u0148 maj\u00fa zabezpe\u010di\u0165 zv\u00fd\u0161enie povedomia o vlastn\u00edctve, nehnute\u013enost\u00ed v spr\u00e1ve LPS L\u00edpie &#8211; Hrabov\u00e9.<\/p>\n                  <\/div>\n                <\/div>\n              <\/div>\n            <\/div>\n          <\/div>\n        <\/div>\n      <\/div>\n      <div data-colibri-id=\"498-c3\" class=\"h-row-container gutters-row-lg-2 gutters-row-md-2 gutters-row-2 gutters-row-v-lg-2 gutters-row-v-md-2 gutters-row-v-2 style-650 style-local-498-c3 position-relative\">\n        <!---->\n        <div class=\"h-row justify-content-lg-center justify-content-md-center justify-content-center align-items-lg-stretch align-items-md-stretch align-items-stretch gutters-col-lg-2 gutters-col-md-2 gutters-col-2 gutters-col-v-lg-2 gutters-col-v-md-2 gutters-col-v-2\">\n          <!---->\n          <div class=\"h-column h-column-container d-flex h-col-lg-4 h-col-md-6 h-col-12 style-651-outer style-local-498-c4-outer\">\n            <div data-colibri-id=\"498-c4\" class=\"d-flex h-flex-basis h-column__inner h-px-lg-0 h-px-md-0 h-px-0 v-inner-lg-0 v-inner-md-0 v-inner-0 style-651 style-local-498-c4 position-relative\">\n              <!---->\n              <!---->\n              <div class=\"w-100 h-y-container h-column__content h-column__v-align flex-basis-100 align-self-lg-start align-self-md-start align-self-start\">\n                <!---->\n                <div data-colibri-id=\"498-c5\" class=\"h-row-container gutters-row-lg-0 gutters-row-md-0 gutters-row-0 gutters-row-v-lg-0 gutters-row-v-md-0 gutters-row-v-0 style-652 style-local-498-c5 position-relative\">\n                  <!---->\n                  <div class=\"h-row justify-content-lg-center justify-content-md-center justify-content-center align-items-lg-stretch align-items-md-stretch align-items-stretch gutters-col-lg-0 gutters-col-md-0 gutters-col-0 gutters-col-v-lg-0 gutters-col-v-md-0 gutters-col-v-0\">\n                    <!---->\n                    <div class=\"h-column h-column-container d-flex h-col-lg-auto h-col-md-auto h-col-auto style-653-outer style-local-498-c6-outer\">\n                      <div data-colibri-id=\"498-c6\" class=\"d-flex h-flex-basis h-column__inner h-px-lg-0 h-px-md-0 h-px-0 v-inner-lg-0 v-inner-md-0 v-inner-0 style-653 style-local-498-c6 position-relative\">\n                        <!---->\n                        <!---->\n                        <div class=\"w-100 h-y-container h-column__content h-column__v-align flex-basis-100 align-self-lg-start align-self-md-start align-self-start\">\n                          <!---->\n                          <div data-colibri-component=\"content-swap\" data-colibri-id=\"498-c7\" class=\"content-swap style-654 style-local-498-c7 position-relative h-element\">\n                            <!---->\n                            <div class=\"d-flex position-relative border-radius-inherit h-content-swap__overflow\">\n                              <div data-normal=\"\" data-colibri-id=\"498-c8\" class=\"h-content-swap__normal d-flex border-radius-inherit h-ui-empty-state-container hide-animation style-655 style-local-498-c8 position-relative\">\n                                <!---->\n                                <div class=\"w-100 h-y-container\">\n                                  <!---->\n                                <\/div>\n                              <\/div>\n                              <div data-hover=\"\" data-colibri-component=\"link\" data-href=\"\" data-colibri-id=\"498-c9\" class=\"h-content-swap-hover-container animated h-content-swap__hover d-flex border-radius-inherit fadeIn justify-content-lg-center justify-content-md-center justify-content-center style-656 style-local-498-c9 position-relative\"\n                                style=\"display: none;\">\n                                <!---->\n                                <div class=\"w-100 h-y-container align-self-lg-center align-self-md-center align-self-center\">\n                                  <!---->\n                                  <div data-colibri-id=\"498-c10\" class=\"h-x-container style-657 style-local-498-c10 position-relative h-element\">\n                                    <!---->\n                                    <div class=\"h-x-container-inner style-dynamic-498-c10-group style-657-spacing style-local-498-c10-spacing\"><span class=\"h-button__outer style-658-outer style-local-498-c11-outer d-inline-flex h-element\"><a h-use-smooth-scroll=\"true\" href=\"http:\/\/www.hrabove.sk\/wp-content\/uploads\/2021\/03\/MAPA-LPS-LIPIE-HRABOVE.pdf\" target=\"_blank\" data-colibri-id=\"498-c11\" class=\"d-flex w-100 align-items-center h-button justify-content-lg-center justify-content-md-center justify-content-center style-658 style-local-498-c11 position-relative\" rel=\"noopener\"><!----><!----> <span>Pozrie\u0165<\/span><\/a>\n                                      <\/span>\n                                    <\/div>\n                                  <\/div>\n                                <\/div>\n                              <\/div>\n                            <\/div>\n                          <\/div>\n                        <\/div>\n                      <\/div>\n                    <\/div>\n                    <div class=\"h-column h-column-container d-flex h-col-lg-auto h-col-md-auto h-col-auto style-659-outer style-local-498-c12-outer\">\n                      <div data-colibri-id=\"498-c12\" class=\"d-flex h-flex-basis h-column__inner h-px-lg-3 h-px-md-3 h-px-3 v-inner-lg-3 v-inner-md-3 v-inner-3 style-659 style-local-498-c12 position-relative\">\n                        <!---->\n                        <!---->\n                        <div class=\"w-100 h-y-container h-column__content h-column__v-align flex-basis-100 align-self-lg-start align-self-md-start align-self-start\">\n                          <!---->\n                          <div data-colibri-id=\"498-c13\" class=\"h-global-transition-all h-heading style-660 style-local-498-c13 position-relative h-element\">\n                            <!---->\n                            <div class=\"h-heading__outer style-660 style-local-498-c13\">\n                              <!---->\n                              <!---->\n                              <h5 class=\"\">Mapa LPS L\u00edpie &#8211; Hrabov\u00e9<\/h5>\n                            <\/div>\n                          <\/div>\n                          <div data-colibri-id=\"498-c14\" class=\"h-text h-text-component style-661 style-local-498-c14 position-relative h-element\">\n                            <!---->\n                            <!---->\n                            <div class=\"\">\n                              <p>Mapa zn\u00e1zor\u0148uje katastr\u00e1lnu mapu, katastr\u00e1lneho \u00fazemia Hrabov\u00e9 na podklade orto-foto mapy<\/p>\n                            <\/div>\n                          <\/div>\n                        <\/div>\n                      <\/div>\n                    <\/div>\n                  <\/div>\n                <\/div>\n              <\/div>\n            <\/div>\n          <\/div>\n          <div class=\"h-column h-column-container d-flex h-col-lg-4 h-col-md-6 h-col-12 style-651-outer style-local-498-c15-outer\">\n            <div data-colibri-id=\"498-c15\" class=\"d-flex h-flex-basis h-column__inner h-px-lg-0 h-px-md-0 h-px-0 v-inner-lg-0 v-inner-md-0 v-inner-0 style-651 style-local-498-c15 position-relative\">\n              <!---->\n              <!---->\n              <div class=\"w-100 h-y-container h-column__content h-column__v-align flex-basis-100 align-self-lg-start align-self-md-start align-self-start\">\n                <!---->\n                <div data-colibri-id=\"498-c16\" class=\"h-row-container gutters-row-lg-0 gutters-row-md-0 gutters-row-0 gutters-row-v-lg-0 gutters-row-v-md-0 gutters-row-v-0 style-652 style-local-498-c16 position-relative\">\n                  <!---->\n                  <div class=\"h-row justify-content-lg-center justify-content-md-center justify-content-center align-items-lg-stretch align-items-md-stretch align-items-stretch gutters-col-lg-0 gutters-col-md-0 gutters-col-0 gutters-col-v-lg-0 gutters-col-v-md-0 gutters-col-v-0\">\n                    <!---->\n                    <div class=\"h-column h-column-container d-flex h-col-lg-auto h-col-md-auto h-col-auto style-653-outer style-local-498-c17-outer\">\n                      <div data-colibri-id=\"498-c17\" class=\"d-flex h-flex-basis h-column__inner h-px-lg-0 h-px-md-0 h-px-0 v-inner-lg-0 v-inner-md-0 v-inner-0 style-653 style-local-498-c17 position-relative\">\n                        <!---->\n                        <!---->\n                        <div class=\"w-100 h-y-container h-column__content h-column__v-align flex-basis-100 align-self-lg-start align-self-md-start align-self-start\">\n                          <!---->\n                          <div data-colibri-component=\"content-swap\" data-colibri-id=\"498-c18\" class=\"content-swap style-662 style-local-498-c18 position-relative h-element\">\n                            <!---->\n                            <div class=\"d-flex position-relative border-radius-inherit h-content-swap__overflow\">\n                              <div data-normal=\"\" data-colibri-id=\"498-c19\" class=\"h-content-swap__normal d-flex border-radius-inherit h-ui-empty-state-container hide-animation style-663 style-local-498-c19 position-relative\">\n                                <!---->\n                                <div class=\"w-100 h-y-container\">\n                                  <!---->\n                                <\/div>\n                              <\/div>\n                              <div data-hover=\"\" data-colibri-component=\"link\" data-href=\"\" data-colibri-id=\"498-c20\" class=\"h-content-swap-hover-container animated h-content-swap__hover d-flex border-radius-inherit fadeIn justify-content-lg-center justify-content-md-center justify-content-center style-664 style-local-498-c20 position-relative\"\n                                style=\"display: none;\">\n                                <!---->\n                                <div class=\"w-100 h-y-container align-self-lg-center align-self-md-center align-self-center\">\n                                  <!---->\n                                  <div data-colibri-id=\"498-c21\" class=\"h-x-container style-657 style-local-498-c21 position-relative h-element\">\n                                    <!---->\n                                    <div class=\"h-x-container-inner style-dynamic-498-c21-group style-657-spacing style-local-498-c21-spacing\"><span class=\"h-button__outer style-658-outer style-local-498-c22-outer d-inline-flex h-element\"><a h-use-smooth-scroll=\"true\" href=\"http:\/\/www.hrabove.sk\/wp-content\/uploads\/2021\/03\/PM_LPS-Lipie-Hrabove_A2.pdf\" target=\"_blank\" data-colibri-id=\"498-c22\" class=\"d-flex w-100 align-items-center h-button justify-content-lg-center justify-content-md-center justify-content-center style-658 style-local-498-c22 position-relative\" rel=\"noopener\"><!----><!----> <span>Pozrie\u0165<\/span><\/a>\n                                      <\/span>\n                                    <\/div>\n                                  <\/div>\n                                <\/div>\n                              <\/div>\n                            <\/div>\n                          <\/div>\n                        <\/div>\n                      <\/div>\n                    <\/div>\n                    <div class=\"h-column h-column-container d-flex h-col-lg-auto h-col-md-auto h-col-auto style-659-outer style-local-498-c23-outer\">\n                      <div data-colibri-id=\"498-c23\" class=\"d-flex h-flex-basis h-column__inner h-px-lg-3 h-px-md-3 h-px-3 v-inner-lg-3 v-inner-md-3 v-inner-3 style-659 style-local-498-c23 position-relative\">\n                        <!---->\n                        <!---->\n                        <div class=\"w-100 h-y-container h-column__content h-column__v-align flex-basis-100 align-self-lg-start align-self-md-start align-self-start\">\n                          <!---->\n                          <div data-colibri-id=\"498-c24\" class=\"h-global-transition-all h-heading style-660 style-local-498-c24 position-relative h-element\">\n                            <!---->\n                            <div class=\"h-heading__outer style-660 style-local-498-c24\">\n                              <!---->\n                              <!---->\n                              <h5 class=\"\">Porastov\u00e1 mapa<\/h5>\n                            <\/div>\n                          <\/div>\n                          <div data-colibri-id=\"498-c25\" class=\"h-text h-text-component style-661 style-local-498-c25 position-relative h-element\">\n                            <!---->\n                            <!---->\n                            <div class=\"\">\n                              <p>Mapa zn\u00e1zor\u0148uje porasty patriace do skupiny LPS L\u00edpie &#8211; Hrabov\u00e9<\/p>\n                            <\/div>\n                          <\/div>\n                        <\/div>\n                      <\/div>\n                    <\/div>\n                  <\/div>\n                <\/div>\n              <\/div>\n            <\/div>\n          <\/div>\n          <div class=\"h-column h-column-container d-flex h-col-lg-4 h-col-md-6 h-col-12 style-651-outer style-local-498-c26-outer\">\n            <div data-colibri-id=\"498-c26\" class=\"d-flex h-flex-basis h-column__inner h-px-lg-0 h-px-md-0 h-px-0 v-inner-lg-0 v-inner-md-0 v-inner-0 style-651 style-local-498-c26 position-relative\">\n              <!---->\n              <!---->\n              <div class=\"w-100 h-y-container h-column__content h-column__v-align flex-basis-100 align-self-lg-start align-self-md-start align-self-start\">\n                <!---->\n                <div data-colibri-id=\"498-c27\" class=\"h-row-container gutters-row-lg-0 gutters-row-md-0 gutters-row-0 gutters-row-v-lg-0 gutters-row-v-md-0 gutters-row-v-0 style-652 style-local-498-c27 position-relative\">\n                  <!---->\n                  <div class=\"h-row justify-content-lg-center justify-content-md-center justify-content-center align-items-lg-stretch align-items-md-stretch align-items-stretch gutters-col-lg-0 gutters-col-md-0 gutters-col-0 gutters-col-v-lg-0 gutters-col-v-md-0 gutters-col-v-0\">\n                    <!---->\n                    <div class=\"h-column h-column-container d-flex h-col-lg-auto h-col-md-auto h-col-auto style-653-outer style-local-498-c28-outer\">\n                      <div data-colibri-id=\"498-c28\" class=\"d-flex h-flex-basis h-column__inner h-px-lg-0 h-px-md-0 h-px-0 v-inner-lg-0 v-inner-md-0 v-inner-0 style-653 style-local-498-c28 position-relative\">\n                        <!---->\n                        <!---->\n                        <div class=\"w-100 h-y-container h-column__content h-column__v-align flex-basis-100 align-self-lg-start align-self-md-start align-self-start\">\n                          <!---->\n                          <div data-colibri-component=\"content-swap\" data-colibri-id=\"498-c29\" class=\"content-swap style-665 style-local-498-c29 position-relative h-element\">\n                            <!---->\n                            <div class=\"d-flex position-relative border-radius-inherit h-content-swap__overflow\">\n                              <div data-normal=\"\" data-colibri-id=\"498-c30\" class=\"h-content-swap__normal d-flex border-radius-inherit h-ui-empty-state-container hide-animation style-666 style-local-498-c30 position-relative\">\n                                <!---->\n                                <div class=\"w-100 h-y-container\">\n                                  <!---->\n                                <\/div>\n                              <\/div>\n                              <div data-hover=\"\" data-colibri-component=\"link\" data-href=\"\" data-colibri-id=\"498-c31\" class=\"h-content-swap-hover-container animated h-content-swap__hover d-flex border-radius-inherit fadeIn justify-content-lg-center justify-content-md-center justify-content-center style-667 style-local-498-c31 position-relative\"\n                                style=\"display: none;\">\n                                <!---->\n                                <div class=\"w-100 h-y-container align-self-lg-center align-self-md-center align-self-center\">\n                                  <!---->\n                                  <div data-colibri-id=\"498-c32\" class=\"h-x-container style-657 style-local-498-c32 position-relative h-element\">\n                                    <!---->\n                                    <div class=\"h-x-container-inner style-dynamic-498-c32-group style-657-spacing style-local-498-c32-spacing\"><span class=\"h-button__outer style-658-outer style-local-498-c33-outer d-inline-flex h-element\"><a h-use-smooth-scroll=\"true\" href=\"http:\/\/www.hrabove.sk\/wp-content\/uploads\/2021\/03\/OM_LPS-Lipie-Hrabove_A2.pdf\" target=\"_blank\" data-colibri-id=\"498-c33\" class=\"d-flex w-100 align-items-center h-button justify-content-lg-center justify-content-md-center justify-content-center style-658 style-local-498-c33 position-relative\" rel=\"noopener\"><!----><!----> <span>Pozrie\u0165<\/span><\/a>\n                                      <\/span>\n                                    <\/div>\n                                  <\/div>\n                                <\/div>\n                              <\/div>\n                            <\/div>\n                          <\/div>\n                        <\/div>\n                      <\/div>\n                    <\/div>\n                    <div class=\"h-column h-column-container d-flex h-col-lg-auto h-col-md-auto h-col-auto style-659-outer style-local-498-c34-outer\">\n                      <div data-colibri-id=\"498-c34\" class=\"d-flex h-flex-basis h-column__inner h-px-lg-3 h-px-md-3 h-px-3 v-inner-lg-3 v-inner-md-3 v-inner-3 style-659 style-local-498-c34 position-relative\">\n                        <!---->\n                        <!---->\n                        <div class=\"w-100 h-y-container h-column__content h-column__v-align flex-basis-100 align-self-lg-start align-self-md-start align-self-start\">\n                          <!---->\n                          <div data-colibri-id=\"498-c35\" class=\"h-global-transition-all h-heading style-660 style-local-498-c35 position-relative h-element\">\n                            <!---->\n                            <div class=\"h-heading__outer style-660 style-local-498-c35\">\n                              <!---->\n                              <!---->\n                              <h5 class=\"\">Obrysov\u00e1 mapa<\/h5>\n                            <\/div>\n                          <\/div>\n                          <div data-colibri-id=\"498-c36\" class=\"h-text h-text-component style-661 style-local-498-c36 position-relative h-element\">\n                            <!---->\n                            <!---->\n                            <div class=\"\">\n                              <p><span style=\"font-weight: 400; font-size: 16px; font-family: &quot;Open Sans&quot;; color: rgb(153, 153, 153);\">Mapa zn\u00e1zor\u0148uje porasty patriace do skupiny LPS L\u00edpie &#8211; Hrabov\u00e9<\/span><\/p>\n                            <\/div>\n                          <\/div>\n                        <\/div>\n                      <\/div>\n                    <\/div>\n                  <\/div>\n                <\/div>\n              <\/div>\n            <\/div>\n          <\/div>\n        <\/div>\n      <\/div>\n    <\/div>\n  <\/div>\n<\/div>","protected":false},"excerpt":{"rendered":"<p>KATASTR\u00c1LNE A PORASTOV\u00c9 MAPY LPS Mapy s\u00fa ur\u010den\u00e9 v\u00fdlu\u010dne pre s\u00fakromn\u00e9 pou\u017eitie podielnikov a z\u00e1rove\u0148 maj\u00fa zabezpe\u010di\u0165 zv\u00fd\u0161enie povedomia o vlastn\u00edctve, nehnute\u013enost\u00ed v spr\u00e1ve LPS L\u00edpie &#8211; Hrabov\u00e9. Pozrie\u0165 Mapa LPS L\u00edpie &#8211; Hrabov\u00e9 Mapa zn\u00e1zor\u0148uje katastr\u00e1lnu mapu, katastr\u00e1lneho \u00fazemia Hrabov\u00e9 na podklade orto-foto mapy Pozrie\u0165 Porastov\u00e1 mapa Mapa zn\u00e1zor\u0148uje porasty patriace do skupiny LPS [&hellip;]<\/p>\n","protected":false},"author":2,"featured_media":0,"parent":0,"menu_order":3,"comment_status":"closed","ping_status":"closed","template":"page-templates\/full-width-page.php","meta":{"_monsterinsights_skip_tracking":false,"_monsterinsights_sitenote_active":false,"_monsterinsights_sitenote_note":"","_monsterinsights_sitenote_category":0,"footnotes":""},"class_list":["post-498","page","type-page","status-publish","hentry"],"_links":{"self":[{"href":"https:\/\/www.hrabove.sk\/index.php?rest_route=\/wp\/v2\/pages\/498","targetHints":{"allow":["GET"]}}],"collection":[{"href":"https:\/\/www.hrabove.sk\/index.php?rest_route=\/wp\/v2\/pages"}],"about":[{"href":"https:\/\/www.hrabove.sk\/index.php?rest_route=\/wp\/v2\/types\/page"}],"author":[{"embeddable":true,"href":"https:\/\/www.hrabove.sk\/index.php?rest_route=\/wp\/v2\/users\/2"}],"replies":[{"embeddable":true,"href":"https:\/\/www.hrabove.sk\/index.php?rest_route=%2Fwp%2Fv2%2Fcomments&post=498"}],"version-history":[{"count":5,"href":"https:\/\/www.hrabove.sk\/index.php?rest_route=\/wp\/v2\/pages\/498\/revisions"}],"predecessor-version":[{"id":1256,"href":"https:\/\/www.hrabove.sk\/index.php?rest_route=\/wp\/v2\/pages\/498\/revisions\/1256"}],"wp:attachment":[{"href":"https:\/\/www.hrabove.sk\/index.php?rest_route=%2Fwp%2Fv2%2Fmedia&parent=498"}],"curies":[{"name":"wp","href":"https:\/\/api.w.org\/{rel}","templated":true}]}}