{"id":209,"date":"2021-03-09T10:26:39","date_gmt":"2021-03-09T10:26:39","guid":{"rendered":"http:\/\/www.hrabove.sk\/?page_id=209"},"modified":"2021-03-24T10:19:06","modified_gmt":"2021-03-24T09:19:06","slug":"contact","status":"publish","type":"page","link":"https:\/\/www.hrabove.sk\/?page_id=209","title":{"rendered":"Kontakt"},"content":{"rendered":"<div data-colibri-id=\"209-c1\" class=\"style-481 style-local-209-c1 position-relative\">\n  <!---->\n  <div data-colibri-component=\"section\" data-colibri-id=\"209-c2\" id=\"about\" class=\"h-section h-section-global-spacing d-flex align-items-lg-center align-items-md-center align-items-center style-491 style-local-209-c2 position-relative\">\n    <!---->\n    <!---->\n    <div class=\"h-section-grid-container h-section-boxed-container\">\n      <!---->\n      <div data-colibri-id=\"209-c3\" class=\"h-row-container gutters-row-lg-0 gutters-row-md-0 gutters-row-0 gutters-row-v-lg-0 gutters-row-v-md-0 gutters-row-v-0 style-492 style-local-209-c3 position-relative\">\n        <!---->\n        <div class=\"h-row justify-content-lg-center justify-content-md-center justify-content-center align-items-lg-stretch align-items-md-stretch align-items-stretch gutters-col-lg-0 gutters-col-md-0 gutters-col-0 gutters-col-v-lg-0 gutters-col-v-md-0 gutters-col-v-0\">\n          <!---->\n          <div class=\"h-column h-column-container d-flex h-col-lg-auto h-col-md-auto h-col-auto style-493-outer style-local-209-c4-outer\">\n            <div data-colibri-id=\"209-c4\" class=\"d-flex h-flex-basis h-column__inner h-px-lg-0 h-px-md-0 h-px-0 v-inner-lg-0 v-inner-md-0 v-inner-0 style-493 style-local-209-c4 position-relative\">\n              <!---->\n              <!---->\n              <div class=\"w-100 h-y-container h-column__content h-column__v-align flex-basis-100 align-self-lg-start align-self-md-start align-self-start\">\n                <!---->\n                <div data-colibri-id=\"209-c5\" class=\"h-global-transition-all h-heading style-495 style-local-209-c5 position-relative h-element\">\n                  <!---->\n                  <div class=\"h-heading__outer style-495 style-local-209-c5\">\n                    <!---->\n                    <!---->\n                    <h4 class=\"\">N\u00e1zov spolo\u010denstva<\/h4>\n                  <\/div>\n                <\/div>\n                <div data-colibri-id=\"209-c6\" class=\"h-text h-text-component style-496 style-local-209-c6 position-relative h-element\">\n                  <!---->\n                  <!---->\n                  <div class=\"\">\n                    <p>Lesn\u00e9 pozemkov\u00e9 spolo\u010denstvo L\u00edpie &#8211; Hrabov\u00e9<\/p>\n                  <\/div>\n                <\/div>\n                <div data-colibri-id=\"209-c7\" class=\"h-global-transition-all h-heading style-499 style-local-209-c7 position-relative h-element\">\n                  <!---->\n                  <div class=\"h-heading__outer style-499 style-local-209-c7\">\n                    <!---->\n                    <!---->\n                    <h4 class=\"\">Adresa LPS<\/h4>\n                  <\/div>\n                <\/div>\n                <div data-colibri-id=\"209-c8\" class=\"h-text h-text-component style-498 style-local-209-c8 position-relative h-element\">\n                  <!---->\n                  <!---->\n                  <div class=\"\">\n                    <p>Lesn\u00e9 pozemkov\u00e9 spolo\u010denstvo L\u00edpie &#8211; Hrabov\u00e9 Hrabov\u00e9, 014 01 Byt\u010da<\/p>\n                  <\/div>\n                <\/div>\n                <div data-colibri-id=\"209-c9\" class=\"h-global-transition-all h-heading style-500 style-local-209-c9 position-relative h-element\">\n                  <!---->\n                  <div class=\"h-heading__outer style-500 style-local-209-c9\">\n                    <!---->\n                    <!---->\n                    <h4 class=\"\">Identifika\u010dn\u00e9 \u00fadaje<\/h4>\n                  <\/div>\n                <\/div>\n                <div data-colibri-id=\"209-c10\" class=\"h-text h-text-component style-501 style-local-209-c10 position-relative h-element\">\n                  <!---->\n                  <!---->\n                  <div class=\"\">\n                    <p>I\u010cO: 35660465<\/p>\n                    <p>DI\u010c: 2020616521 I\u010c<\/p>\n                    <p>DPH: Nieje platcom DPH<\/p>\n                    <p>Zalo\u017een\u00e1: 28.02.1996<\/p>\n                  <\/div>\n                <\/div>\n                <div data-colibri-id=\"209-c11\" class=\"h-global-transition-all h-heading style-676 style-local-209-c11 position-relative h-element\">\n                  <!---->\n                  <div class=\"h-heading__outer style-676 style-local-209-c11\">\n                    <!---->\n                    <!---->\n                    <h4 class=\"\">Kontaktn\u00e9 \u00fadaje<\/h4>\n                  <\/div>\n                <\/div>\n                <div data-colibri-id=\"209-c12\" class=\"h-text h-text-component style-677 style-local-209-c12 position-relative h-element\">\n                  <!---->\n                  <!---->\n                  <div class=\"\">\n                    <p>e-mail: lps.lipie.hrabove@gmail.com<\/p>\n                    <p>tel. kontakt: +421 944 908 807 (predseda LPS)<\/p>\n                    <p>\u010d. \u00fa\u010dtu: SK 09 0900 0000 0000 7651 4120<\/p>\n                  <\/div>\n                <\/div>\n              <\/div>\n            <\/div>\n          <\/div>\n          <div class=\"h-column h-column-container d-flex h-col-lg-auto h-col-md-auto h-col-auto style-497-outer style-local-209-c13-outer\">\n            <div data-colibri-id=\"209-c13\" class=\"d-flex h-flex-basis h-column__inner h-ui-empty-state-container h-px-lg-2 h-px-md-2 h-px-2 v-inner-lg-2 v-inner-md-2 v-inner-2 style-497 style-local-209-c13 position-relative\">\n              <!---->\n              <!---->\n              <div class=\"w-100 h-y-container h-column__content h-column__v-align flex-basis-100\">\n                <!---->\n              <\/div>\n            <\/div>\n          <\/div>\n        <\/div>\n      <\/div>\n    <\/div>\n  <\/div>\n  <div data-colibri-component=\"section\" data-colibri-id=\"209-c14\" id=\"contact\" class=\"h-section h-section-global-spacing d-flex align-items-lg-center align-items-md-center align-items-center style-502 style-local-209-c14 position-relative\">\n    <div class=\"background-wrapper\">\n      <div class=\"background-layer background-layer-media-container-lg\">\n        <!---->\n        <div class=\"overlay-layer\">\n          <div class=\"overlay-image-layer\" style=\"background-color: rgb(0, 0, 0); opacity: 0.5;\"><\/div>\n        <\/div>\n      <\/div>\n      <div class=\"background-layer background-layer-media-container-md\">\n        <!---->\n        <div class=\"overlay-layer\">\n          <div class=\"overlay-image-layer\" style=\"background-color: rgb(0, 0, 0); opacity: 0.5;\"><\/div>\n        <\/div>\n      <\/div>\n      <div class=\"background-layer background-layer-media-container\">\n        <!---->\n        <div class=\"overlay-layer\">\n          <div class=\"overlay-image-layer\" style=\"background-color: rgb(0, 0, 0); opacity: 0.5;\"><\/div>\n        <\/div>\n      <\/div>\n    <\/div>\n    <!---->\n    <div class=\"h-section-grid-container h-section-boxed-container\">\n      <!---->\n      <div data-colibri-id=\"209-c15\" class=\"h-row-container gutters-row-lg-2 gutters-row-md-2 gutters-row-2 gutters-row-v-lg-2 gutters-row-v-md-2 gutters-row-v-2 style-503 style-local-209-c15 position-relative\">\n        <!---->\n        <div class=\"h-row justify-content-lg-center justify-content-md-center justify-content-center align-items-lg-stretch align-items-md-stretch align-items-stretch gutters-col-lg-2 gutters-col-md-2 gutters-col-2 gutters-col-v-lg-2 gutters-col-v-md-2 gutters-col-v-2\">\n          <!---->\n          <div class=\"h-column h-column-container d-flex h-col-lg-auto h-col-md-auto h-col-auto style-504-outer style-local-209-c16-outer\">\n            <div data-colibri-id=\"209-c16\" class=\"d-flex h-flex-basis h-column__inner h-px-lg-0 h-px-md-0 h-px-0 v-inner-lg-0 v-inner-md-0 v-inner-0 style-504 style-local-209-c16 position-relative\">\n              <!---->\n              <!---->\n              <div class=\"w-100 h-y-container h-column__content h-column__v-align flex-basis-100 align-self-lg-start align-self-md-start align-self-start\">\n                <!---->\n                <div data-colibri-id=\"209-c17\" class=\"h-row-container gutters-row-lg-0 gutters-row-md-0 gutters-row-0 gutters-row-v-lg-0 gutters-row-v-md-0 gutters-row-v-0 style-505 style-local-209-c17 position-relative\">\n                  <!---->\n                  <div class=\"h-row justify-content-lg-center justify-content-md-center justify-content-center align-items-lg-stretch align-items-md-stretch align-items-stretch gutters-col-lg-0 gutters-col-md-0 gutters-col-0 gutters-col-v-lg-0 gutters-col-v-md-0 gutters-col-v-0\">\n                    <!---->\n                    <div class=\"h-column h-column-container d-flex h-col-lg-auto h-col-md-auto h-col-auto style-506-outer style-local-209-c18-outer\">\n                      <div data-colibri-id=\"209-c18\" class=\"d-flex h-flex-basis h-column__inner h-px-lg-0 h-px-md-0 h-px-0 v-inner-lg-0 v-inner-md-0 v-inner-0 style-506 style-local-209-c18 position-relative\">\n                        <!---->\n                        <!---->\n                        <div class=\"w-100 h-y-container h-column__content h-column__v-align flex-basis-100 align-self-lg-center align-self-md-center align-self-center\">\n                          <!---->\n                          <div data-colibri-id=\"209-c19\" class=\"h-global-transition-all h-heading style-507 style-local-209-c19 position-relative h-element\">\n                            <!---->\n                            <div class=\"h-heading__outer style-507 style-local-209-c19\">\n                              <!---->\n                              <!---->\n                              <h4 class=\"\">KONTAKTUJTE N\u00c1S<\/h4>\n                            <\/div>\n                          <\/div>\n                          <div data-colibri-id=\"209-c20\" class=\"h-icon style-508 style-local-209-c20 position-relative h-element\">\n                            <!----><span class=\"h-svg-icon h-icon__icon style-508-icon style-local-209-c20-icon\"><!--Icon by Icons8 Line Awesome (https:\/\/icons8.com\/line-awesome)--><svg version=\"1.1\" xmlns=\"http:\/\/www.w3.org\/2000\/svg\" xmlns:xlink=\"http:\/\/www.w3.org\/1999\/xlink\" id=\"binoculars\" viewBox=\"0 0 512 545.5\"><path d=\"M176 112c29.713 0 53.785 20.558 61 48h38c7.215-27.442 31.287-48 61-48 31.48 0 56.644 23.064 62 53 30.428 7.807 56.326 27.65 68 56v.5l.5.5L503 324c5.795 13.502 9 28.423 9 44 0 61.666-50.334 112-112 112-55.546 0-101.847-40.826-110.5-94-8.688 8.553-20.476 14-33.5 14s-24.813-5.447-33.5-14c-8.653 53.174-54.954 94-110.5 94C50.334 480 0 429.666 0 368c0-17.54 4.253-34.19 11.5-49l34-95.5h.5c11.496-31.205 37.775-50.882 68-58.5 5.356-29.936 30.52-53 62-53zm0 32c-19.043 0-32 12.957-32 32v14.5l-14.5 1.5c-24.565 2.586-44.21 17.225-53.5 42v.5L64 267c14.557-6.945 30.852-11 48-11 46.792 0 86.797 29.08 103.5 70 8.577-13.29 23.658-22 40.5-22s31.923 8.71 40.5 22c16.703-40.92 56.708-70 103.5-70 17.38 0 33.794 4.377 48.5 11.5l-12-34c-.14-.34-.354-.662-.5-1-9.246-21.422-29.724-37.997-53.5-40.5l-14.5-1.5V176c0-19.043-12.957-32-32-32s-32 12.957-32 32v16h-96v-16c0-19.043-12.957-32-32-32zm-64 144c-32.328 0-59.852 19.073-72.5 46.5-.28.606-.235 1.387-.5 2-4.2 9.743-7 20.17-7 31.5 0 44.372 35.628 80 80 80s80-35.628 80-80-35.628-80-80-80zm288 0c-44.372 0-80 35.628-80 80s35.628 80 80 80 80-35.628 80-80-35.628-80-80-80zm-144 48c-9.026 0-16 6.974-16 16s6.974 16 16 16 16-6.974 16-16-6.974-16-16-16z\"><\/path><\/svg><\/span><\/div>\n                          <div\n                            data-colibri-id=\"209-c21\" class=\"h-global-transition-all h-heading style-509 style-local-209-c21 position-relative h-element\">\n                            <!---->\n                            <div class=\"h-heading__outer style-509 style-local-209-c21\">\n                              <!---->\n                              <!---->\n                              <h5 class=\"\">M\u00e1te na n\u00e1s po\u017eiadavku ? M\u00e1te n\u00e1pad ako vylep\u0161i\u0165 t\u00fato str\u00e1nku ?\n                                <br>\n                                <br>V pr\u00edpade akejko\u013evek po\u017eiadavky sa nev\u00e1hajte na n\u00e1s obr\u00e1ti\u0165, bu\u010f na vy\u0161\u0161ie uveden\u00fdch kontaktoch, alebo vyplnen\u00edm tohto kr\u00e1tkeho formul\u00e1ra.<\/h5>\n                            <\/div>\n                        <\/div>\n                      <\/div>\n                    <\/div>\n                  <\/div>\n                  <div class=\"h-column h-column-container d-flex h-col-lg-auto h-col-md-auto h-col-auto style-511-outer style-local-209-c22-outer\">\n                    <div data-colibri-id=\"209-c22\" class=\"d-flex h-flex-basis h-column__inner h-px-lg-0 h-px-md-0 h-px-0 v-inner-lg-0 v-inner-md-0 v-inner-0 style-511 style-local-209-c22 position-relative\">\n                      <!---->\n                      <!---->\n                      <div class=\"w-100 h-y-container h-column__content h-column__v-align flex-basis-100 align-self-lg-center align-self-md-center align-self-center\">\n                        <!---->\n                        <div data-colibri-id=\"209-c23\" class=\"style-512 style-local-209-c23 position-relative h-element\">\n                          <!---->\n                          <div class=\"h-global-transition-all h-global-transition h-global-transition-all h-contact-form-shortcode\"><div role=\"form\" class=\"wpcf7\" id=\"wpcf7-f1328-o1\" lang=\"sk-SK\" dir=\"ltr\">\n<div class=\"screen-reader-response\"><p role=\"status\" aria-live=\"polite\" aria-atomic=\"true\"><\/p> <ul><\/ul><\/div>\n<form action=\"\/index.php?rest_route=%2Fwp%2Fv2%2Fpages%2F209#wpcf7-f1328-o1\" method=\"post\" class=\"wpcf7-form init\" novalidate=\"novalidate\" data-status=\"init\">\n<div style=\"display: none;\">\n<input type=\"hidden\" name=\"_wpcf7\" value=\"1328\" \/>\n<input type=\"hidden\" name=\"_wpcf7_version\" value=\"5.5.6.1\" \/>\n<input type=\"hidden\" name=\"_wpcf7_locale\" value=\"sk_SK\" \/>\n<input type=\"hidden\" name=\"_wpcf7_unit_tag\" value=\"wpcf7-f1328-o1\" \/>\n<input type=\"hidden\" name=\"_wpcf7_container_post\" value=\"0\" \/>\n<input type=\"hidden\" name=\"_wpcf7_posted_data_hash\" value=\"\" \/>\n<\/div>\n<p><label> Va\u0161e meno<br \/>\n    <span class=\"wpcf7-form-control-wrap your-name\"><input type=\"text\" name=\"your-name\" value=\"\" size=\"40\" class=\"wpcf7-form-control wpcf7-text wpcf7-validates-as-required\" aria-required=\"true\" aria-invalid=\"false\" \/><\/span> <\/label><\/p>\n<p><label> V\u00e1\u0161 email<br \/>\n    <span class=\"wpcf7-form-control-wrap your-email\"><input type=\"email\" name=\"your-email\" value=\"\" size=\"40\" class=\"wpcf7-form-control wpcf7-text wpcf7-email wpcf7-validates-as-required wpcf7-validates-as-email\" aria-required=\"true\" aria-invalid=\"false\" \/><\/span> <\/label><\/p>\n<p><label> Predmet<br \/>\n    <span class=\"wpcf7-form-control-wrap your-subject\"><input type=\"text\" name=\"your-subject\" value=\"\" size=\"40\" class=\"wpcf7-form-control wpcf7-text wpcf7-validates-as-required\" aria-required=\"true\" aria-invalid=\"false\" \/><\/span> <\/label><\/p>\n<p><label> Va\u0161a spr\u00e1va (volite\u013en\u00e9)<br \/>\n    <span class=\"wpcf7-form-control-wrap your-message\"><textarea name=\"your-message\" cols=\"40\" rows=\"10\" class=\"wpcf7-form-control wpcf7-textarea\" aria-invalid=\"false\"><\/textarea><\/span> <\/label><\/p>\n<p><input type=\"submit\" value=\"Odosla\u0165\" class=\"wpcf7-form-control has-spinner wpcf7-submit\" \/><\/p>\n<p style=\"display: none !important;\"><label>&#916;<textarea name=\"_wpcf7_ak_hp_textarea\" cols=\"45\" rows=\"8\" maxlength=\"100\"><\/textarea><\/label><input type=\"hidden\" id=\"ak_js_1\" name=\"_wpcf7_ak_js\" value=\"101\"\/><script>document.getElementById( \"ak_js_1\" ).setAttribute( \"value\", ( new Date() ).getTime() );<\/script><\/p><div class=\"wpcf7-response-output\" aria-hidden=\"true\"><\/div><\/form><\/div><\/div>\n                        <\/div>\n                      <\/div>\n                    <\/div>\n                  <\/div>\n                <\/div>\n              <\/div>\n            <\/div>\n          <\/div>\n        <\/div>\n      <\/div>\n    <\/div>\n  <\/div>\n<\/div>\n<\/div>","protected":false},"excerpt":{"rendered":"<p>N\u00e1zov spolo\u010denstva Lesn\u00e9 pozemkov\u00e9 spolo\u010denstvo L\u00edpie &#8211; Hrabov\u00e9 Adresa LPS Lesn\u00e9 pozemkov\u00e9 spolo\u010denstvo L\u00edpie &#8211; Hrabov\u00e9 Hrabov\u00e9, 014 01 Byt\u010da Identifika\u010dn\u00e9 \u00fadaje I\u010cO: 35660465 DI\u010c: 2020616521 I\u010c DPH: Nieje platcom DPH Zalo\u017een\u00e1: 28.02.1996 Kontaktn\u00e9 \u00fadaje e-mail: lps.lipie.hrabove@gmail.com tel. kontakt: +421 944 908 807 (predseda LPS) \u010d. \u00fa\u010dtu: SK 09 0900 0000 0000 7651 4120 KONTAKTUJTE [&hellip;]<\/p>\n","protected":false},"author":2,"featured_media":0,"parent":0,"menu_order":8,"comment_status":"closed","ping_status":"closed","template":"page-templates\/full-width-page.php","meta":{"_monsterinsights_skip_tracking":false,"_monsterinsights_sitenote_active":false,"_monsterinsights_sitenote_note":"","_monsterinsights_sitenote_category":0,"footnotes":""},"class_list":["post-209","page","type-page","status-publish","hentry"],"_links":{"self":[{"href":"https:\/\/www.hrabove.sk\/index.php?rest_route=\/wp\/v2\/pages\/209","targetHints":{"allow":["GET"]}}],"collection":[{"href":"https:\/\/www.hrabove.sk\/index.php?rest_route=\/wp\/v2\/pages"}],"about":[{"href":"https:\/\/www.hrabove.sk\/index.php?rest_route=\/wp\/v2\/types\/page"}],"author":[{"embeddable":true,"href":"https:\/\/www.hrabove.sk\/index.php?rest_route=\/wp\/v2\/users\/2"}],"replies":[{"embeddable":true,"href":"https:\/\/www.hrabove.sk\/index.php?rest_route=%2Fwp%2Fv2%2Fcomments&post=209"}],"version-history":[{"count":2,"href":"https:\/\/www.hrabove.sk\/index.php?rest_route=\/wp\/v2\/pages\/209\/revisions"}],"predecessor-version":[{"id":1360,"href":"https:\/\/www.hrabove.sk\/index.php?rest_route=\/wp\/v2\/pages\/209\/revisions\/1360"}],"wp:attachment":[{"href":"https:\/\/www.hrabove.sk\/index.php?rest_route=%2Fwp%2Fv2%2Fmedia&parent=209"}],"curies":[{"name":"wp","href":"https:\/\/api.w.org\/{rel}","templated":true}]}}